{"id":67,"date":"2017-12-01T20:49:56","date_gmt":"2017-12-01T20:49:56","guid":{"rendered":"https:\/\/import.themovation.com\/bellevue2\/hotel\/?page_id=356"},"modified":"2022-12-21T06:40:07","modified_gmt":"2022-12-21T10:40:07","slug":"home-form","status":"publish","type":"page","link":"https:\/\/garagebriancote.com\/lauberge\/","title":{"rendered":"ACCUEIL"},"content":{"rendered":"<img decoding=\"async\" width=\"300\" height=\"164\" src=\"https:\/\/garagebriancote.com\/lauberge\/wp-content\/uploads\/2021\/01\/logo_blanc_montagnes-300x164.png\" alt=\"\" loading=\"lazy\" srcset=\"https:\/\/garagebriancote.com\/lauberge\/wp-content\/uploads\/2021\/01\/logo_blanc_montagnes-300x164.png 300w, https:\/\/garagebriancote.com\/lauberge\/wp-content\/uploads\/2021\/01\/logo_blanc_montagnes-73x40.png 73w, https:\/\/garagebriancote.com\/lauberge\/wp-content\/uploads\/2021\/01\/logo_blanc_montagnes-146x80.png 146w, https:\/\/garagebriancote.com\/lauberge\/wp-content\/uploads\/2021\/01\/logo_blanc_montagnes-394x216.png 394w, https:\/\/garagebriancote.com\/lauberge\/wp-content\/uploads\/2021\/01\/logo_blanc_montagnes.png 400w\" sizes=\"auto, (max-width: 300px) 100vw, 300px\" \/>\t\t\t\t\t\t\t\t\t\t\t\t\t\t\n                    <h1>\n                        VENEZ VIVRE L\u2019AVENTURE GASP\u00c9SIENNE                    <\/h1>\n                                        <p>ENDROIT DE CHOIX AVEC UNE \u00c9QUIPE JEUNE ET DYNAMIQUE<\/p>\n                    <h3>\n                        PARADIS DE LA POUDREUSE \u2026                    <\/h3>\n                                        <p>Le plus vaste terrain de jeu de l\u2019est du Qu\u00e9bec pour les amateurs de sensations fortes.\nVid\u00e9o gracieuset\u00e9 de esKape.ca<\/p>\n                    <h3>\n                                            <\/h3>\n                                        <p>\n<\/p>\n\t\t<div style=\"width: 640px;\" class=\"wp-video\"><video class=\"wp-video-shortcode\" id=\"video-67-1\" width=\"640\" height=\"360\" preload=\"metadata\" controls=\"controls\"><source type=\"video\/mp4\" src=\"https:\/\/garagebriancote.com\/lauberge\/wp-content\/uploads\/2021\/02\/motoneige.mp4?_=1\" \/><a href=\"https:\/\/garagebriancote.com\/lauberge\/wp-content\/uploads\/2021\/02\/motoneige.mp4\">https:\/\/garagebriancote.com\/lauberge\/wp-content\/uploads\/2021\/02\/motoneige.mp4<\/a><\/video><\/div>\t\t\n                    <h2>\n                        L\u2019AUBERGE                    <\/h2>\n                                        <p>L\u2019Auberge est un nouveau site d\u2019h\u00e9bergement \u00e0 Murdochville.\nNous accueillons les adeptes de sport de glisse, les motoneigistes ainsi que les personnes voulant tout simplement vivre l\u2019exp\u00e9rience Gasp\u00e9sienne.\nNous pouvons accueillir jusqu\u2019\u00e0 30 personnes. L\u2019\u00e9tablissement inclus un stationnement int\u00e9rieur pour vos motoneiges et\/ou rangement pour vos \u00e9quipements de ski et planche \u00e0 neige ou m\u00eame VTT et moto en p\u00e9riode estivale . Plusieurs chambres ind\u00e9pendantes sont disponibles.\nL\u2019Auberge c\u2019est une \u00e9quipe jeune et dynamique pr\u00eate \u00e0 vous accueillir au 600 2e rue \u00e0 Murdochville.\nVenez vivre l\u2019exp\u00e9rience, nous vous attendons.\nCertaines restrictions et mesures sanitaires s\u2019appliquent en conformit\u00e9 avec la sant\u00e9 publique (COVID19)<\/p>","protected":false},"excerpt":{"rendered":"<p>VENEZ VIVRE L\u2019AVENTURE GASP\u00c9SIENNE ENDROIT DE CHOIX AVEC UNE \u00c9QUIPE JEUNE ET DYNAMIQUE PARADIS DE LA POUDREUSE \u2026 Le plus vaste terrain de jeu de l\u2019est du Qu\u00e9bec pour les amateurs de sensations fortes. Vid\u00e9o gracieuset\u00e9 de esKape.ca https:\/\/garagebriancote.com\/lauberge\/wp-content\/uploads\/2021\/02\/motoneige.mp4 L\u2019AUBERGE &hellip; <a href=\"https:\/\/garagebriancote.com\/lauberge\/\">Read More<\/a><\/p>\n","protected":false},"author":1,"featured_media":0,"parent":0,"menu_order":3,"comment_status":"closed","ping_status":"closed","template":"","meta":{"_themeisle_gutenberg_block_has_review":false,"footnotes":""},"class_list":["post-67","page","type-page","status-publish","hentry"],"_links":{"self":[{"href":"https:\/\/garagebriancote.com\/lauberge\/wp-json\/wp\/v2\/pages\/67","targetHints":{"allow":["GET"]}}],"collection":[{"href":"https:\/\/garagebriancote.com\/lauberge\/wp-json\/wp\/v2\/pages"}],"about":[{"href":"https:\/\/garagebriancote.com\/lauberge\/wp-json\/wp\/v2\/types\/page"}],"author":[{"embeddable":true,"href":"https:\/\/garagebriancote.com\/lauberge\/wp-json\/wp\/v2\/users\/1"}],"replies":[{"embeddable":true,"href":"https:\/\/garagebriancote.com\/lauberge\/wp-json\/wp\/v2\/comments?post=67"}],"version-history":[{"count":10,"href":"https:\/\/garagebriancote.com\/lauberge\/wp-json\/wp\/v2\/pages\/67\/revisions"}],"predecessor-version":[{"id":3803,"href":"https:\/\/garagebriancote.com\/lauberge\/wp-json\/wp\/v2\/pages\/67\/revisions\/3803"}],"wp:attachment":[{"href":"https:\/\/garagebriancote.com\/lauberge\/wp-json\/wp\/v2\/media?parent=67"}],"curies":[{"name":"wp","href":"https:\/\/api.w.org\/{rel}","templated":true}]}}