{"id":62,"date":"2017-12-02T06:33:50","date_gmt":"2017-12-02T06:33:50","guid":{"rendered":"https:\/\/import.themovation.com\/bellevue2\/hotel\/?page_id=559"},"modified":"2023-02-16T12:48:37","modified_gmt":"2023-02-16T16:48:37","slug":"contact","status":"publish","type":"page","link":"https:\/\/garagebriancote.com\/lauberge\/contact\/","title":{"rendered":"CONTACT"},"content":{"rendered":"<h1>\n                        NOUS CONTACTER                    <\/h1>\n                                        <p>Arriver ici est facile. Consultez notre carte Google pour obtenir des itin\u00e9raires d\u00e9taill\u00e9s.<\/p>\n                                                            <a href=\"#map\">\n                                                                            CARTE ET DIRECTION                                                                    <\/a>\n                        <a href=\"#map\">\n                                                    <\/a>\n                    <h4>\n                        <a href=\"#map\">CARTE ET DIRECTIONS<\/a>\n                    <\/h4>\n                    <p>Vous vous demandez comment vous y rendre?<\/p>\n                        <a href=\"#contact\">\n                                                    <\/a>\n                    <h4>\n                        <a href=\"#contact\">NOUS CONTACTER<\/a>\n                    <\/h4>\n                    <p>Appelez, envoyez un courriel ou utilisez notre formulaire de contact<\/p>\n                        <a href=\"#faq\">\n                                                    <\/a>\n                    <h4>\n                        <a href=\"#faq\">FAQ<\/a>\n                    <\/h4>\n                    <p>R\u00e9ponses aux questions courantes.<\/p>\n\t\t\t<iframe loading=\"lazy\"\n\t\t\t\t\tsrc=\"https:\/\/maps.google.com\/maps?q=600%202E%20RUE%20MURDOCHVILLE%20G0E1W0&t=m&z=16&output=embed&iwloc=near\"\n\t\t\t\t\ttitle=\"600 2E RUE MURDOCHVILLE G0E1W0\"\n\t\t\t\t\taria-label=\"600 2E RUE MURDOCHVILLE G0E1W0\"\n\t\t\t><\/iframe>\n                    <h2>\n                        ENTRER EN CONTACT                    <\/h2>\n                                        <p>Pour communiquer avec nous.<\/p>\n                        <a href=\"tel:418-361-4247\">\n                                                    <\/a>\n                    <h4>\n                        <a href=\"tel:418-361-4247\">Appelez-nous<\/a>\n                    <\/h4>\n                    <p>418-361-4247<\/p>\n                        <a href=\"mailto:comptabilitebc22@hotmail.com\" target=\"_blank\" rel=\"noopener\">\n                                                    <\/a>\n                    <h4>\n                        <a href=\"mailto:comptabilitebc22@hotmail.com\" target=\"_blank\" rel=\"noopener\">Envoyez-nous un e-mail<\/a>\n                    <\/h4>\n                    <p><\/p>\n                    <h4>\n                        Passez\n                    <\/h4>\n                    <p>600, 2E RUE\nMURDOCHVILLE, G0E1W0<\/p>\n                    <h2>\n                        R\u00e9ponses aux questions courantes.                    <\/h2>\n                                        <p><\/p>\n\t\t\t\t\t\tDE COMBIEN DE CHAMBRES DISPOSEZ-VOUS?\n\t\t\t\t\t\tNous disposons de 13 chambres de capacit\u00e9 de 2 \u00e0 4 personnes par chambre d\u00e9pendamment du style de chambre choisi.\t\t\t\t\t\n\t\t\t\t\t\tAVEZ-VOUS DES MESURES PARTICULI\u00c8RES DU AU CODIV-19?\n\t\t\t\t\t\tNous suivons a la lettre les mesures de la sant\u00e9 publique et l\u2019endroit est d\u00e9sinfect\u00e9 r\u00e9guli\u00e8rement.","protected":false},"excerpt":{"rendered":"<p>NOUS CONTACTER Arriver ici est facile. Consultez notre carte Google pour obtenir des itin\u00e9raires d\u00e9taill\u00e9s. CARTE ET DIRECTION CARTE ET DIRECTIONS Vous vous demandez comment vous y rendre? NOUS CONTACTER Appelez, envoyez un courriel ou utilisez notre formulaire de contact &hellip; <a href=\"https:\/\/garagebriancote.com\/lauberge\/contact\/\">Read More<\/a><\/p>\n","protected":false},"author":1,"featured_media":0,"parent":0,"menu_order":9,"comment_status":"closed","ping_status":"closed","template":"","meta":{"_themeisle_gutenberg_block_has_review":false,"footnotes":""},"class_list":["post-62","page","type-page","status-publish","hentry"],"_links":{"self":[{"href":"https:\/\/garagebriancote.com\/lauberge\/wp-json\/wp\/v2\/pages\/62","targetHints":{"allow":["GET"]}}],"collection":[{"href":"https:\/\/garagebriancote.com\/lauberge\/wp-json\/wp\/v2\/pages"}],"about":[{"href":"https:\/\/garagebriancote.com\/lauberge\/wp-json\/wp\/v2\/types\/page"}],"author":[{"embeddable":true,"href":"https:\/\/garagebriancote.com\/lauberge\/wp-json\/wp\/v2\/users\/1"}],"replies":[{"embeddable":true,"href":"https:\/\/garagebriancote.com\/lauberge\/wp-json\/wp\/v2\/comments?post=62"}],"version-history":[{"count":9,"href":"https:\/\/garagebriancote.com\/lauberge\/wp-json\/wp\/v2\/pages\/62\/revisions"}],"predecessor-version":[{"id":3847,"href":"https:\/\/garagebriancote.com\/lauberge\/wp-json\/wp\/v2\/pages\/62\/revisions\/3847"}],"wp:attachment":[{"href":"https:\/\/garagebriancote.com\/lauberge\/wp-json\/wp\/v2\/media?parent=62"}],"curies":[{"name":"wp","href":"https:\/\/api.w.org\/{rel}","templated":true}]}}