{"id":1284,"date":"2021-02-13T07:14:48","date_gmt":"2021-02-13T11:14:48","guid":{"rendered":"https:\/\/rwk.yqp.mybluehost.me\/lauberge\/?page_id=1284"},"modified":"2023-01-31T18:04:31","modified_gmt":"2023-01-31T22:04:31","slug":"paiement","status":"publish","type":"page","link":"https:\/\/garagebriancote.com\/lauberge\/paiement\/","title":{"rendered":"PAIEMENT"},"content":{"rendered":"<h1>\n                        PAIEMENT                    <\/h1>\n                                        <p>Voici les informations de paiement<\/p>\n                    <h1>\n                        TRANSFERT INTERAC                    <\/h1>\n                                        <p>Veuillez utiliser votre <b># de r\u00e9servation<\/b> et\/ou  <b>votre nom<\/b> comme r\u00e9f\u00e9rence de paiement.<br>\nInterac : <b>comptabilitebc22@hotmail.com<\/b>  R\u00e9ponse: <b>reservation<\/b><\/p>\n\t\t<h2 id=\"comment-envoyer-de-largent-par-virement-interac\">Comment\u00a0: Envoyer de l\u2019argent par Virement\u00a0<em>Interac<\/em><\/h2><p>Comment envoyer de l\u2019argent par Virement\u00a0<em>Interac<\/em>? Vous et le b\u00e9n\u00e9ficiaire devez tous deux avoir\u00a0:<\/p><ul><li>Un compte aupr\u00e8s d\u2019une banque ou coop\u00e9rative de cr\u00e9dit participante<\/li><li>Une adresse de courriel active ou un num\u00e9ro de t\u00e9l\u00e9phone mobile<\/li><\/ul><p>Pour envoyer de l\u2019argent, il suffit de suivre les directives \u00e0 l\u2019\u00e9cran\u00a0:<\/p><ol><li>Ouvrez une session de services bancaires en ligne ou dans une application et\u00a0s\u00e9lectionnez le compte.<\/li><li>Choisissez ou ajoutez le courriel \u00ab\u00a0<b>comptabilitebc22@hotmail.com<\/b>\u00a0\u00bb du destinataire.<\/li><li>Entrez le montant et une question de s\u00e9curit\u00e9 (mettez comme r\u00e9ponse secr\u00e8te : <strong>reservation<\/strong>).<\/li><li>Mettez comme r\u00e9f\u00e9rence votre num\u00e9ro de r\u00e9servation et\/ou votre nom.<\/li><\/ol><p>C\u2019est tout.<\/p><p><strong>Important\u00a0<\/strong>: Assurez-vous de votre r\u00e9ponse et ne l\u2019indiquez pas dans le message d\u2019avis de Virement <em>Interac<\/em>.<\/p>","protected":false},"excerpt":{"rendered":"<p>PAIEMENT Voici les informations de paiement TRANSFERT INTERAC Veuillez utiliser votre # de r\u00e9servation et\/ou votre nom comme r\u00e9f\u00e9rence de paiement. Interac : comptabilitebc22@hotmail.com R\u00e9ponse: reservation Comment\u00a0: Envoyer de l\u2019argent par Virement\u00a0InteracComment envoyer de l\u2019argent par Virement\u00a0Interac? Vous et le &hellip; <a href=\"https:\/\/garagebriancote.com\/lauberge\/paiement\/\">Read More<\/a><\/p>\n","protected":false},"author":1,"featured_media":0,"parent":0,"menu_order":7,"comment_status":"closed","ping_status":"closed","template":"","meta":{"_themeisle_gutenberg_block_has_review":false,"footnotes":""},"class_list":["post-1284","page","type-page","status-publish","hentry"],"_links":{"self":[{"href":"https:\/\/garagebriancote.com\/lauberge\/wp-json\/wp\/v2\/pages\/1284","targetHints":{"allow":["GET"]}}],"collection":[{"href":"https:\/\/garagebriancote.com\/lauberge\/wp-json\/wp\/v2\/pages"}],"about":[{"href":"https:\/\/garagebriancote.com\/lauberge\/wp-json\/wp\/v2\/types\/page"}],"author":[{"embeddable":true,"href":"https:\/\/garagebriancote.com\/lauberge\/wp-json\/wp\/v2\/users\/1"}],"replies":[{"embeddable":true,"href":"https:\/\/garagebriancote.com\/lauberge\/wp-json\/wp\/v2\/comments?post=1284"}],"version-history":[{"count":15,"href":"https:\/\/garagebriancote.com\/lauberge\/wp-json\/wp\/v2\/pages\/1284\/revisions"}],"predecessor-version":[{"id":3800,"href":"https:\/\/garagebriancote.com\/lauberge\/wp-json\/wp\/v2\/pages\/1284\/revisions\/3800"}],"wp:attachment":[{"href":"https:\/\/garagebriancote.com\/lauberge\/wp-json\/wp\/v2\/media?parent=1284"}],"curies":[{"name":"wp","href":"https:\/\/api.w.org\/{rel}","templated":true}]}}